{"id":18,"date":"2025-11-29T15:44:18","date_gmt":"2025-11-29T14:44:18","guid":{"rendered":"https:\/\/www.ordinacezivota.cz\/?page_id=18"},"modified":"2025-11-29T17:16:46","modified_gmt":"2025-11-29T16:16:46","slug":"provozni-doba","status":"publish","type":"page","link":"https:\/\/www.ordinacezivota.cz\/?page_id=18","title":{"rendered":"Provozn\u00ed doba"},"content":{"rendered":"\n<div class=\"wp-block-group alignfull is-layout-constrained wp-container-core-group-is-layout-490fa1db wp-block-group-is-layout-constrained\" style=\"padding-top:var(--wp--preset--spacing--50);padding-right:var(--wp--preset--spacing--50);padding-bottom:var(--wp--preset--spacing--50);padding-left:var(--wp--preset--spacing--50)\">\n<div class=\"wp-block-group is-layout-constrained wp-container-core-group-is-layout-650790e1 wp-block-group-is-layout-constrained\">\n<p class=\"has-text-align-left\">MALENOVICE &#8211; UPOZORN\u011aN\u00cd<\/p>\n\n\n\n<p>V p\u0159\u00edpad\u011b pot\u0159eby l\u00e9k\u016f pi\u0161te email malenovice@ordinacezivota.cz<\/p>\n\n\n\n<p>UPOZORN\u011aN\u00cd<br>V\u00e1\u017een\u00ed klienti,<br>dovolte n\u00e1m V\u00e1s informovat, \u017ee z provozn\u00edch d\u016fvod\u016f je do\u010dasn\u011b upravena ordina\u010dn\u00ed doba ordinace ve Zl\u00edn\u011b-Malenovic\u00edch od 1. 9. 2024 n\u00e1sledovn\u011b:<br>POND\u011aL\u00cd 7:00 &#8211; 11:00 POUZE PRO OBJEDNAN\u00c9<br>\u00daTER\u00dd 7:30 &#8211; 14:30 (7:30 &#8211; 8:30 odb\u011bry, 8:30 &#8211; 10:30 akutn\u00ed pacienti, 10:30 &#8211; 14:30 objednan\u00ed)<br>ST\u0158EDA 7:00 &#8211; 12:00 Pouze sestra<br>\u010cTVRTEK 13:00 &#8211; 15:30 POUZE PRO OBJEDNAN\u00c9<br>P\u00c1TEK 7:30 &#8211; 14:00 (7:30 &#8211; 8:30 odb\u011bry, 8:30 &#8211; 10:30 akutn\u00ed pacienti, 10:30 &#8211; 14:00 objednan\u00ed)<\/p>\n\n\n\n<p>P\u0159ed n\u00e1v\u0161t\u011bvou ordinace je pot\u0159eba se OBJEDNAT tel. 774 710 193<br>D\u011bkujeme za pochopen\u00ed a omlouv\u00e1me se zp\u016fsoben\u00e9 pot\u00ed\u017ee.<br>UPOZORN\u011aN\u00cd<br>V\u00e1\u017een\u00ed klienti,<br>dovolte n\u00e1m V\u00e1s informovat, \u017ee z provozn\u00edch d\u016fvod\u016f je do\u010dasn\u011b upravena ordina\u010dn\u00ed doba ordinace ve Slavi\u010d\u00edn\u011b od 9. 9. 2024 n\u00e1sledovn\u011b:<br>POND\u011aL\u00cd 12:00 &#8211; 13:00 administrativa, 13:00 &#8211; 19:00 OBJEDNAN\u00cd<br>\u00daTER\u00dd 7:00 &#8211; 8:00 odb\u011bry, 8:00 &#8211; 10:00 akutn\u00ed, 10:00 &#8211; 12:00 OBJEDNAN\u00cd, 12:00 -14:00 administrativa<br>ST\u0158EDA 8:00 &#8211; 13:00 OBJEDNAN\u00cd<br>\u010cTVRTEK 7:00 &#8211; 8:00 odb\u011bry, 8:00 &#8211; 10:00 akutn\u00ed, 10:00 &#8211; 14:00 OBJEDNAN\u00cd<br>P\u00c1TEK 7:00 &#8211; 8:00 odb\u011bry, 8:00 &#8211; 10:00 akutn\u00ed, 10:00 &#8211; 12:00 OBJEDNAN\u00cd<\/p>\n\n\n\n<p>P\u0159ed n\u00e1v\u0161t\u011bvou ordinace je pot\u0159eba se OBJEDNAT tel. 774 042 848<br>D\u011bkujeme za pochopen\u00ed a omlouv\u00e1me se zp\u016fsoben\u00e9 pot\u00ed\u017ee.<br>ZL\u00cdN-MALENOVICE<br>t\u0159\u00edda 3. kv\u011btna 1180. 76302 Zl\u00edn, Malenovice<br>Provozn\u00ed doba:<br>Po 7:00 &#8211; 11:00<br>\u00daT 13:00 &#8211; 17:00<br>St Neordinujeme<br>\u010ct 13:00 &#8211; 18:00<br>P\u00e1 7:00 &#8211; 14:00<br>malenovice@ordinacezivota.cz Telefon: 774 710 193<br>Detail ordinace<\/p>\n\n\n\n<p>SLAVI\u010c\u00cdN<br>Komensk\u00e9ho 10,<br>76321 Slavi\u010d\u00edn<br>Provozn\u00ed doba:<br>Po-P\u00e1: 7:00 &#8211; 12:00<br>slavicin@ordinacezivota.cz<br>Telefon: 774 042 848<br>Detail ordinace<br>Nadpis formul\u00e1\u0159e<br>Toto je popis formul\u00e1\u0159e. Chce\u0161-li jej upravit, klikni a napi\u0161 text nebo jej nahra\u010f vlastn\u00edm obsahem<br>N\u00e1zevE-mailZpr\u00e1va<br>Odeslat<br>Horn\u00ed index<\/p>\n\n\n\n<p>P\u0159\u00edkop 843\/4, 602 00 Brno<br>+420 774 710 193<br>info@ordinacezivota.cz<br>Ordinace \u017eivota s.r.o.<\/p>\n\n\n\n<ul class=\"wp-block-list\">\n<li>\u00davodn\u00ed str\u00e1nka<\/li>\n\n\n\n<li>Funkce<\/li>\n\n\n\n<li>Cen\u00edk<\/li>\n\n\n\n<li>Reference<\/li>\n\n\n\n<li>Kontakt<\/li>\n\n\n\n<li>Blok<br>P\u0159\u00edkop 843\/4, 602 00 Brno<br>+420 774 710 193<br>info@ordinacezivota.cz<br>\u00a9 2025 Ordinace \u017eivota s.r.o.<\/li>\n<\/ul>\n\n\n\n<p>Z <a href=\"https:\/\/ordinacezivota.cz\/\">https:\/\/ordinacezivota.cz\/<\/a><\/p>\n\n\n\n<p>Ordinace \u017eivota s.r.o.<\/p>\n\n\n\n<ul class=\"wp-block-list\">\n<li>\u00davodn\u00ed str\u00e1nka<br>+420 774 710 193<br>Star\u00e1me se o Va\u0161e zdrav\u00ed<br>Nyn\u00ed nab\u00edz\u00edme nov\u00e9 slu\u017eby!<br>Na\u0161\u00edm c\u00edlem je nab\u00eddnout pacient\u016fm dostupnou, p\u0159itom v\u0161ak vysoce kvalitn\u00ed l\u00e9ka\u0159skou p\u00e9\u010di, zaji\u0161t\u011bnou vysoce erudovan\u00fdmi l\u00e9ka\u0159i, s vysokou odbornou zp\u016fsobilost\u00ed a laskav\u00fdm p\u0159\u00edstupem k pacient\u016fm. Pro na\u0161e l\u00e9ka\u0159e je pacient partnerem, kter\u00e9mu je t\u0159eba naslouchat, nab\u00eddnout mu lidsk\u00fd p\u0159\u00edstup a pe\u010dovat o jeho zdrav\u00ed s maxim\u00e1ln\u00ed m\u00edrou profesionality.<br>P\u0159\u00edkop 843\/4, 602 00 Brno<br>+420 774 710 193<br>Na\u0161e ordinace<br>SLAVI\u010c\u00cdN &#8211; UPOZORN\u011aN\u00cd<br>24.11.a 25.11. ordinace uzav\u0159ena<br>25.11. z\u00e1stup ordinace v Malenovic\u00edch od 9:00 do 11:00 hodin<br>V p\u0159\u00edpad\u011b pot\u0159eby l\u00e9k\u016f pi\u0161te email slavicin@ordinacezivota.cz nebo SMS na tel 774 042 848<\/li>\n<\/ul>\n\n\n\n<p>MALENOVICE &#8211; UPOZORN\u011aN\u00cd<\/p>\n\n\n\n<p>V p\u0159\u00edpad\u011b pot\u0159eby l\u00e9k\u016f pi\u0161te email malenovice@ordinacezivota.cz<\/p>\n\n\n\n<p>UPOZORN\u011aN\u00cd<br>V\u00e1\u017een\u00ed klienti,<br>dovolte n\u00e1m V\u00e1s informovat, \u017ee z provozn\u00edch d\u016fvod\u016f je do\u010dasn\u011b upravena ordina\u010dn\u00ed doba ordinace ve Zl\u00edn\u011b-Malenovic\u00edch od 1. 9. 2024 n\u00e1sledovn\u011b:<br>POND\u011aL\u00cd 7:00 &#8211; 11:00 POUZE PRO OBJEDNAN\u00c9<br>\u00daTER\u00dd 7:30 &#8211; 14:30 (7:30 &#8211; 8:30 odb\u011bry, 8:30 &#8211; 10:30 akutn\u00ed pacienti, 10:30 &#8211; 14:30 objednan\u00ed)<br>ST\u0158EDA 7:00 &#8211; 12:00 Pouze sestra<br>\u010cTVRTEK 13:00 &#8211; 15:30 POUZE PRO OBJEDNAN\u00c9<br>P\u00c1TEK 7:30 &#8211; 14:00 (7:30 &#8211; 8:30 odb\u011bry, 8:30 &#8211; 10:30 akutn\u00ed pacienti, 10:30 &#8211; 14:00 objednan\u00ed)<\/p>\n\n\n\n<p>P\u0159ed n\u00e1v\u0161t\u011bvou ordinace je pot\u0159eba se OBJEDNAT tel. 774 710 193<br>D\u011bkujeme za pochopen\u00ed a omlouv\u00e1me se zp\u016fsoben\u00e9 pot\u00ed\u017ee.<br>UPOZORN\u011aN\u00cd<br>V\u00e1\u017een\u00ed klienti,<br>dovolte n\u00e1m V\u00e1s informovat, \u017ee z provozn\u00edch d\u016fvod\u016f je do\u010dasn\u011b upravena ordina\u010dn\u00ed doba ordinace ve Slavi\u010d\u00edn\u011b od 9. 9. 2024 n\u00e1sledovn\u011b:<br>POND\u011aL\u00cd 12:00 &#8211; 13:00 administrativa, 13:00 &#8211; 19:00 OBJEDNAN\u00cd<br>\u00daTER\u00dd 7:00 &#8211; 8:00 odb\u011bry, 8:00 &#8211; 10:00 akutn\u00ed, 10:00 &#8211; 12:00 OBJEDNAN\u00cd, 12:00 -14:00 administrativa<br>ST\u0158EDA 8:00 &#8211; 13:00 OBJEDNAN\u00cd<br>\u010cTVRTEK 7:00 &#8211; 8:00 odb\u011bry, 8:00 &#8211; 10:00 akutn\u00ed, 10:00 &#8211; 14:00 OBJEDNAN\u00cd<br>P\u00c1TEK 7:00 &#8211; 8:00 odb\u011bry, 8:00 &#8211; 10:00 akutn\u00ed, 10:00 &#8211; 12:00 OBJEDNAN\u00cd<\/p>\n\n\n\n<p>P\u0159ed n\u00e1v\u0161t\u011bvou ordinace je pot\u0159eba se OBJEDNAT tel. 774 042 848<br>D\u011bkujeme za pochopen\u00ed a omlouv\u00e1me se zp\u016fsoben\u00e9 pot\u00ed\u017ee.<br>ZL\u00cdN-MALENOVICE<br>t\u0159\u00edda 3. kv\u011btna 1180. 76302 Zl\u00edn, Malenovice<br>Provozn\u00ed doba:<br>Po 7:00 &#8211; 11:00<br>\u00daT 13:00 &#8211; 17:00<br>St Neordinujeme<br>\u010ct 13:00 &#8211; 18:00<br>P\u00e1 7:00 &#8211; 14:00<br>malenovice@ordinacezivota.cz Telefon: 774 710 193<br>Detail ordinace<\/p>\n\n\n\n<p>SLAVI\u010c\u00cdN<br>Komensk\u00e9ho 10,<br>76321 Slavi\u010d\u00edn<br>Provozn\u00ed doba:<br>Po-P\u00e1: 7:00 &#8211; 12:00<br>slavicin@ordinacezivota.cz<br>Telefon: 774 042 848<br>Detail ordinace<br>Nadpis formul\u00e1\u0159e<br>Toto je popis formul\u00e1\u0159e. Chce\u0161-li jej upravit, klikni a napi\u0161 text nebo jej nahra\u010f vlastn\u00edm obsahem<br>N\u00e1zevE-mailZpr\u00e1va<br>Odeslat<br>Horn\u00ed index<\/p>\n\n\n\n<p>P\u0159\u00edkop 843\/4, 602 00 Brno<br>+420 774 710 193<br>info@ordinacezivota.cz<br>Ordinace \u017eivota s.r.o.<\/p>\n\n\n\n<div style=\"height:1.25rem\" aria-hidden=\"true\" class=\"wp-block-spacer\"><\/div>\n\n\n\n<div class=\"wp-block-buttons is-content-justification-center is-layout-flex wp-container-core-buttons-is-layout-a89b3969 wp-block-buttons-is-layout-flex\"><\/div>\n<\/div>\n<\/div>\n\n\n\n<p><\/p>\n","protected":false},"excerpt":{"rendered":"<p>MALENOVICE &#8211; UPOZORN\u011aN\u00cd V p\u0159\u00edpad\u011b pot\u0159eby l\u00e9k\u016f pi\u0161te email malenovice@ordinacezivota.cz UPOZORN\u011aN\u00cdV\u00e1\u017een\u00ed klienti,dovolte n\u00e1m V\u00e1s informovat, \u017ee z provozn\u00edch d\u016fvod\u016f je [&hellip;]<\/p>\n","protected":false},"author":1,"featured_media":0,"parent":0,"menu_order":0,"comment_status":"closed","ping_status":"closed","template":"","meta":{"site-sidebar-layout":"default","site-content-layout":"","ast-site-content-layout":"default","site-content-style":"default","site-sidebar-style":"default","ast-global-header-display":"","ast-banner-title-visibility":"","ast-main-header-display":"","ast-hfb-above-header-display":"","ast-hfb-below-header-display":"","ast-hfb-mobile-header-display":"","site-post-title":"","ast-breadcrumbs-content":"","ast-featured-img":"","footer-sml-layout":"","ast-disable-related-posts":"","theme-transparent-header-meta":"","adv-header-id-meta":"","stick-header-meta":"","header-above-stick-meta":"","header-main-stick-meta":"","header-below-stick-meta":"","astra-migrate-meta-layouts":"default","ast-page-background-enabled":"default","ast-page-background-meta":{"desktop":{"background-color":"var(--ast-global-color-5)","background-image":"","background-repeat":"repeat","background-position":"center center","background-size":"auto","background-attachment":"scroll","background-type":"","background-media":"","overlay-type":"","overlay-color":"","overlay-opacity":"","overlay-gradient":""},"tablet":{"background-color":"","background-image":"","background-repeat":"repeat","background-position":"center center","background-size":"auto","background-attachment":"scroll","background-type":"","background-media":"","overlay-type":"","overlay-color":"","overlay-opacity":"","overlay-gradient":""},"mobile":{"background-color":"","background-image":"","background-repeat":"repeat","background-position":"center center","background-size":"auto","background-attachment":"scroll","background-type":"","background-media":"","overlay-type":"","overlay-color":"","overlay-opacity":"","overlay-gradient":""}},"ast-content-background-meta":{"desktop":{"background-color":"var(--ast-global-color-4)","background-image":"","background-repeat":"repeat","background-position":"center center","background-size":"auto","background-attachment":"scroll","background-type":"","background-media":"","overlay-type":"","overlay-color":"","overlay-opacity":"","overlay-gradient":""},"tablet":{"background-color":"var(--ast-global-color-4)","background-image":"","background-repeat":"repeat","background-position":"center center","background-size":"auto","background-attachment":"scroll","background-type":"","background-media":"","overlay-type":"","overlay-color":"","overlay-opacity":"","overlay-gradient":""},"mobile":{"background-color":"var(--ast-global-color-4)","background-image":"","background-repeat":"repeat","background-position":"center center","background-size":"auto","background-attachment":"scroll","background-type":"","background-media":"","overlay-type":"","overlay-color":"","overlay-opacity":"","overlay-gradient":""}},"footnotes":""},"class_list":["post-18","page","type-page","status-publish","hentry"],"jetpack_sharing_enabled":true,"_links":{"self":[{"href":"https:\/\/www.ordinacezivota.cz\/index.php?rest_route=\/wp\/v2\/pages\/18","targetHints":{"allow":["GET"]}}],"collection":[{"href":"https:\/\/www.ordinacezivota.cz\/index.php?rest_route=\/wp\/v2\/pages"}],"about":[{"href":"https:\/\/www.ordinacezivota.cz\/index.php?rest_route=\/wp\/v2\/types\/page"}],"author":[{"embeddable":true,"href":"https:\/\/www.ordinacezivota.cz\/index.php?rest_route=\/wp\/v2\/users\/1"}],"replies":[{"embeddable":true,"href":"https:\/\/www.ordinacezivota.cz\/index.php?rest_route=%2Fwp%2Fv2%2Fcomments&post=18"}],"version-history":[{"count":3,"href":"https:\/\/www.ordinacezivota.cz\/index.php?rest_route=\/wp\/v2\/pages\/18\/revisions"}],"predecessor-version":[{"id":57,"href":"https:\/\/www.ordinacezivota.cz\/index.php?rest_route=\/wp\/v2\/pages\/18\/revisions\/57"}],"wp:attachment":[{"href":"https:\/\/www.ordinacezivota.cz\/index.php?rest_route=%2Fwp%2Fv2%2Fmedia&parent=18"}],"curies":[{"name":"wp","href":"https:\/\/api.w.org\/{rel}","templated":true}]}}